{"id":734,"date":"2025-11-14T06:45:57","date_gmt":"2025-11-14T06:45:57","guid":{"rendered":"https:\/\/www.laineille.fi\/?page_id=734"},"modified":"2026-02-19T11:45:52","modified_gmt":"2026-02-19T11:45:52","slug":"vuokrasauna-tampere","status":"publish","type":"page","link":"https:\/\/www.laineille.fi\/en\/vuokrasauna-tampere\/","title":{"rendered":"Vuokrasauna Tampere"},"content":{"rendered":"<div data-elementor-type=\"wp-page\" data-elementor-id=\"734\" class=\"elementor elementor-734\" data-elementor-post-type=\"page\">\n\t\t\t\t<div class=\"elementor-element elementor-element-ced4d19 e-flex e-con-boxed e-con e-parent\" data-id=\"ced4d19\" data-element_type=\"container\" data-e-type=\"container\" data-settings=\"{&quot;background_background&quot;:&quot;classic&quot;}\">\n\t\t\t\t\t<div class=\"e-con-inner\">\n\t\t\t\t<div class=\"elementor-element elementor-element-525cafb elementor-widget elementor-widget-heading\" data-id=\"525cafb\" data-element_type=\"widget\" data-e-type=\"widget\" data-widget_type=\"heading.default\">\n\t\t\t\t<div class=\"elementor-widget-container\">\n\t\t\t\t\t<h1 class=\"elementor-heading-title elementor-size-default\">vuokrasauna Tampere<\/h1>\t\t\t\t<\/div>\n\t\t\t\t<\/div>\n\t\t\t\t<div class=\"elementor-element elementor-element-23350d3 elementor-widget elementor-widget-text-editor\" data-id=\"23350d3\" data-element_type=\"widget\" data-e-type=\"widget\" data-widget_type=\"text-editor.default\">\n\t\t\t\t<div class=\"elementor-widget-container\">\n\t\t\t\t\t\t\t\t\t<p>1.10.2025-30.4.2026<\/p>\t\t\t\t\t\t\t\t<\/div>\n\t\t\t\t<\/div>\n\t\t\t\t<div class=\"elementor-element elementor-element-099f8cd elementor-align-center elementor-widget elementor-widget-button\" data-id=\"099f8cd\" data-element_type=\"widget\" data-e-type=\"widget\" data-widget_type=\"button.default\">\n\t\t\t\t<div class=\"elementor-widget-container\">\n\t\t\t\t\t\t\t\t\t<div class=\"elementor-button-wrapper\">\n\t\t\t\t\t<a class=\"elementor-button elementor-button-link elementor-size-sm\" href=\"https:\/\/www.laineille.fi\/en\/verkkokauppa\/\">\n\t\t\t\t\t\t<span class=\"elementor-button-content-wrapper\">\n\t\t\t\t\t\t\t\t\t<span class=\"elementor-button-text\">Booking calendar<\/span>\n\t\t\t\t\t<\/span>\n\t\t\t\t\t<\/a>\n\t\t\t\t<\/div>\n\t\t\t\t\t\t\t\t<\/div>\n\t\t\t\t<\/div>\n\t\t\t\t\t<\/div>\n\t\t\t\t<\/div>\n\t\t<div class=\"elementor-element elementor-element-490cd01 e-flex e-con-boxed e-con e-parent\" data-id=\"490cd01\" data-element_type=\"container\" data-e-type=\"container\" data-settings=\"{&quot;background_background&quot;:&quot;classic&quot;}\">\n\t\t\t\t\t<div class=\"e-con-inner\">\n\t\t\t\t<div class=\"elementor-element elementor-element-f625264 elementor-widget elementor-widget-heading\" data-id=\"f625264\" data-element_type=\"widget\" data-e-type=\"widget\" data-widget_type=\"heading.default\">\n\t\t\t\t<div class=\"elementor-widget-container\">\n\t\t\t\t\t<h2 class=\"elementor-heading-title elementor-size-default\">Talven tunnelmallisin Vuokrasauna tampereella<\/h2>\t\t\t\t<\/div>\n\t\t\t\t<\/div>\n\t\t\t\t<div class=\"elementor-element elementor-element-ef8366f elementor-widget elementor-widget-text-editor\" data-id=\"ef8366f\" data-element_type=\"widget\" data-e-type=\"widget\" data-widget_type=\"text-editor.default\">\n\t\t\t\t<div class=\"elementor-widget-container\">\n\t\t\t\t\t\t\t\t\t<p><strong><span class=\"TextRun SCXW172272186 BCX0\" lang=\"FI-FI\" xml:lang=\"FI-FI\" data-contrast=\"none\"><span class=\"NormalTextRun SCXW172272186 BCX0\">M\/S LAINE -talvisauna <\/span><\/span><\/strong><span class=\"TextRun SCXW172272186 BCX0\" lang=\"FI-FI\" xml:lang=\"FI-FI\" data-contrast=\"none\"><span class=\"NormalTextRun SCXW172272186 BCX0\">is a rare experience \u2013 a saunaboat where you can enjoy an incredible winter atmosphere and gentle sauna heat even in winter. The boat remains moored at the dock throughout the rental period, offering stunning lake views and excellent surroundings for relaxation. The boat is located in complete privacy.<\/span><span class=\"NormalTextRun SCXW172272186 BCX0\">, Santalahdessa, <\/span><span class=\"NormalTextRun SCXW172272186 BCX0\">Yet only a five-minute journey from the center of Tampere.<\/span><\/span><span class=\"EOP SCXW172272186 BCX0\" data-ccp-props=\"{&quot;201341983&quot;:0,&quot;335559739&quot;:0,&quot;335559740&quot;:259}\">\u00a0<\/span><\/p>\t\t\t\t\t\t\t\t<\/div>\n\t\t\t\t<\/div>\n\t\t\t\t<div class=\"elementor-element elementor-element-5cad4b8 elementor-align-left elementor-widget elementor-widget-button\" data-id=\"5cad4b8\" data-element_type=\"widget\" data-e-type=\"widget\" data-widget_type=\"button.default\">\n\t\t\t\t<div class=\"elementor-widget-container\">\n\t\t\t\t\t\t\t\t\t<div class=\"elementor-button-wrapper\">\n\t\t\t\t\t<a class=\"elementor-button elementor-button-link elementor-size-sm\" href=\"https:\/\/www.laineille.fi\/en\/verkkokauppa\/\">\n\t\t\t\t\t\t<span class=\"elementor-button-content-wrapper\">\n\t\t\t\t\t\t\t\t\t<span class=\"elementor-button-text\">Book your winter sauna experience now!<\/span>\n\t\t\t\t\t<\/span>\n\t\t\t\t\t<\/a>\n\t\t\t\t<\/div>\n\t\t\t\t\t\t\t\t<\/div>\n\t\t\t\t<\/div>\n\t\t\t\t\t<\/div>\n\t\t\t\t<\/div>\n\t\t<div class=\"elementor-element elementor-element-410de4a e-flex e-con-boxed e-con e-parent\" data-id=\"410de4a\" data-element_type=\"container\" data-e-type=\"container\" data-settings=\"{&quot;background_background&quot;:&quot;classic&quot;}\">\n\t\t\t\t\t<div class=\"e-con-inner\">\n\t\t<div class=\"elementor-element elementor-element-3cb3fa1 e-flex e-con-boxed e-con e-child\" data-id=\"3cb3fa1\" data-element_type=\"container\" data-e-type=\"container\">\n\t\t\t\t\t<div class=\"e-con-inner\">\n\t\t\t\t<div class=\"elementor-element elementor-element-5f89104 elementor-widget elementor-widget-heading\" data-id=\"5f89104\" data-element_type=\"widget\" data-e-type=\"widget\" data-widget_type=\"heading.default\">\n\t\t\t\t<div class=\"elementor-widget-container\">\n\t\t\t\t\t<h2 class=\"elementor-heading-title elementor-size-default\">M\/S LAINE - Vuokraaminen<\/h2>\t\t\t\t<\/div>\n\t\t\t\t<\/div>\n\t\t\t\t<div class=\"elementor-element elementor-element-fabd8d3 elementor-widget elementor-widget-text-editor\" data-id=\"fabd8d3\" data-element_type=\"widget\" data-e-type=\"widget\" data-widget_type=\"text-editor.default\">\n\t\t\t\t<div class=\"elementor-widget-container\">\n\t\t\t\t\t\t\t\t\t<p><span data-contrast=\"none\">T\u00e4st\u00e4 ei olosuhteet parane \u2013 puul\u00e4mmitteinen 10-hengen sauna suurilla ikkunoilla, hulppea terassi suurella paljulla varusteltuna, mit\u00e4 upeimmat maisemat ja avantomahdollisuus! N\u00e4sij\u00e4rven suurin saunalautta on mahdollista my\u00f6s vuokrata ja palvelee my\u00f6s kirpein\u00e4 pakkasp\u00e4ivin\u00e4 kes\u00e4ll\u00e4 p\u00e4\u00e4see seilaamaan keskelle j\u00e4rve\u00e4.<\/span><\/p><p><span data-contrast=\"none\">Vuokrasauna Tampereella on mainio paikka viett\u00e4\u00e4 yksityisi\u00e4 juhlia, erilaisia virkistysp\u00e4ivi\u00e4, sek\u00e4 kokouksia, jotka ovat t\u00e4ysin omaa laatuaan. Varaa sauna oman porukkasi kesken pirist\u00e4m\u00e4\u00e4n arkea tai juhlistamaan t\u00e4rke\u00e4\u00e4 p\u00e4iv\u00e4\u00e4.<\/span><\/p>\t\t\t\t\t\t\t\t<\/div>\n\t\t\t\t<\/div>\n\t\t\t\t<div class=\"elementor-element elementor-element-8a48ec5 elementor-align-left elementor-widget elementor-widget-button\" data-id=\"8a48ec5\" data-element_type=\"widget\" data-e-type=\"widget\" data-widget_type=\"button.default\">\n\t\t\t\t<div class=\"elementor-widget-container\">\n\t\t\t\t\t\t\t\t\t<div class=\"elementor-button-wrapper\">\n\t\t\t\t\t<a class=\"elementor-button elementor-button-link elementor-size-sm\" href=\"https:\/\/www.laineille.fi\/en\/verkkokauppa\/\">\n\t\t\t\t\t\t<span class=\"elementor-button-content-wrapper\">\n\t\t\t\t\t\t\t\t\t<span class=\"elementor-button-text\">For the booking calendar<\/span>\n\t\t\t\t\t<\/span>\n\t\t\t\t\t<\/a>\n\t\t\t\t<\/div>\n\t\t\t\t\t\t\t\t<\/div>\n\t\t\t\t<\/div>\n\t\t\t\t\t<\/div>\n\t\t\t\t<\/div>\n\t\t<div class=\"elementor-element elementor-element-22b33ca e-con-full e-flex e-con e-child\" data-id=\"22b33ca\" data-element_type=\"container\" data-e-type=\"container\" data-settings=\"{&quot;background_background&quot;:&quot;classic&quot;}\">\n\t\t\t\t<\/div>\n\t\t\t\t\t<\/div>\n\t\t\t\t<\/div>\n\t\t<div class=\"elementor-element elementor-element-8d54d28 e-flex e-con-boxed e-con e-parent\" data-id=\"8d54d28\" data-element_type=\"container\" data-e-type=\"container\">\n\t\t\t\t\t<div class=\"e-con-inner\">\n\t\t\t\t<div class=\"elementor-element elementor-element-805f588 elementor-widget elementor-widget-gallery\" data-id=\"805f588\" data-element_type=\"widget\" data-e-type=\"widget\" data-settings=\"{&quot;gallery_layout&quot;:&quot;masonry&quot;,&quot;columns_mobile&quot;:2,&quot;lazyload&quot;:&quot;yes&quot;,&quot;columns&quot;:4,&quot;columns_tablet&quot;:2,&quot;gap&quot;:{&quot;unit&quot;:&quot;px&quot;,&quot;size&quot;:10,&quot;sizes&quot;:[]},&quot;gap_tablet&quot;:{&quot;unit&quot;:&quot;px&quot;,&quot;size&quot;:10,&quot;sizes&quot;:[]},&quot;gap_mobile&quot;:{&quot;unit&quot;:&quot;px&quot;,&quot;size&quot;:10,&quot;sizes&quot;:[]},&quot;link_to&quot;:&quot;file&quot;,&quot;overlay_background&quot;:&quot;yes&quot;,&quot;content_hover_animation&quot;:&quot;fade-in&quot;}\" data-widget_type=\"gallery.default\">\n\t\t\t\t<div class=\"elementor-widget-container\">\n\t\t\t\t\t\t\t<div class=\"elementor-gallery__container\">\n\t\t\t\t\t\t\t<a class=\"e-gallery-item elementor-gallery-item elementor-animated-content\" href=\"https:\/\/www.laineille.fi\/wp-content\/uploads\/2023\/11\/Saunalautta-talvi-16.jpg\" data-elementor-open-lightbox=\"yes\" data-elementor-lightbox-slideshow=\"805f588\" data-elementor-lightbox-title=\"Saunalautta-talvi-16\" data-e-action-hash=\"#elementor-action%3Aaction%3Dlightbox%26settings%3DeyJpZCI6MzM4LCJ1cmwiOiJodHRwczpcL1wvd3d3LmxhaW5laWxsZS5maVwvd3AtY29udGVudFwvdXBsb2Fkc1wvMjAyM1wvMTFcL1NhdW5hbGF1dHRhLXRhbHZpLTE2LmpwZyIsInNsaWRlc2hvdyI6IjgwNWY1ODgifQ%3D%3D\">\n\t\t\t\t\t<div class=\"e-gallery-image elementor-gallery-item__image\" data-thumbnail=\"https:\/\/www.laineille.fi\/wp-content\/uploads\/2023\/11\/Saunalautta-talvi-16-300x200.jpg\" data-width=\"300\" data-height=\"200\" aria-label=\"\" role=\"img\" ><\/div>\n\t\t\t\t\t\t\t\t\t\t\t<div class=\"elementor-gallery-item__overlay\"><\/div>\n\t\t\t\t\t\t\t\t\t\t\t\t\t\t<\/a>\n\t\t\t\t\t\t\t<a class=\"e-gallery-item elementor-gallery-item elementor-animated-content\" href=\"https:\/\/www.laineille.fi\/wp-content\/uploads\/2023\/11\/Saunalautta-talvi-14.jpg\" data-elementor-open-lightbox=\"yes\" data-elementor-lightbox-slideshow=\"805f588\" data-elementor-lightbox-title=\"Saunalautta-talvi-14\" data-e-action-hash=\"#elementor-action%3Aaction%3Dlightbox%26settings%3DeyJpZCI6MzM3LCJ1cmwiOiJodHRwczpcL1wvd3d3LmxhaW5laWxsZS5maVwvd3AtY29udGVudFwvdXBsb2Fkc1wvMjAyM1wvMTFcL1NhdW5hbGF1dHRhLXRhbHZpLTE0LmpwZyIsInNsaWRlc2hvdyI6IjgwNWY1ODgifQ%3D%3D\">\n\t\t\t\t\t<div class=\"e-gallery-image elementor-gallery-item__image\" data-thumbnail=\"https:\/\/www.laineille.fi\/wp-content\/uploads\/2023\/11\/Saunalautta-talvi-14-300x200.jpg\" data-width=\"300\" data-height=\"200\" aria-label=\"\" role=\"img\" ><\/div>\n\t\t\t\t\t\t\t\t\t\t\t<div class=\"elementor-gallery-item__overlay\"><\/div>\n\t\t\t\t\t\t\t\t\t\t\t\t\t\t<\/a>\n\t\t\t\t\t\t\t<a class=\"e-gallery-item elementor-gallery-item elementor-animated-content\" href=\"https:\/\/www.laineille.fi\/wp-content\/uploads\/2023\/11\/Saunalautta-talvi-13.jpg\" data-elementor-open-lightbox=\"yes\" data-elementor-lightbox-slideshow=\"805f588\" data-elementor-lightbox-title=\"Saunalautta-talvi-13\" data-e-action-hash=\"#elementor-action%3Aaction%3Dlightbox%26settings%3DeyJpZCI6MzM2LCJ1cmwiOiJodHRwczpcL1wvd3d3LmxhaW5laWxsZS5maVwvd3AtY29udGVudFwvdXBsb2Fkc1wvMjAyM1wvMTFcL1NhdW5hbGF1dHRhLXRhbHZpLTEzLmpwZyIsInNsaWRlc2hvdyI6IjgwNWY1ODgifQ%3D%3D\">\n\t\t\t\t\t<div class=\"e-gallery-image elementor-gallery-item__image\" data-thumbnail=\"https:\/\/www.laineille.fi\/wp-content\/uploads\/2023\/11\/Saunalautta-talvi-13-300x200.jpg\" data-width=\"300\" data-height=\"200\" aria-label=\"\" role=\"img\" ><\/div>\n\t\t\t\t\t\t\t\t\t\t\t<div class=\"elementor-gallery-item__overlay\"><\/div>\n\t\t\t\t\t\t\t\t\t\t\t\t\t\t<\/a>\n\t\t\t\t\t\t\t<a class=\"e-gallery-item elementor-gallery-item elementor-animated-content\" href=\"https:\/\/www.laineille.fi\/wp-content\/uploads\/2023\/11\/Saunalautta-talvi-10.jpg\" data-elementor-open-lightbox=\"yes\" data-elementor-lightbox-slideshow=\"805f588\" data-elementor-lightbox-title=\"Saunalautta-talvi-10\" data-e-action-hash=\"#elementor-action%3Aaction%3Dlightbox%26settings%3DeyJpZCI6MzM0LCJ1cmwiOiJodHRwczpcL1wvd3d3LmxhaW5laWxsZS5maVwvd3AtY29udGVudFwvdXBsb2Fkc1wvMjAyM1wvMTFcL1NhdW5hbGF1dHRhLXRhbHZpLTEwLmpwZyIsInNsaWRlc2hvdyI6IjgwNWY1ODgifQ%3D%3D\">\n\t\t\t\t\t<div class=\"e-gallery-image elementor-gallery-item__image\" data-thumbnail=\"https:\/\/www.laineille.fi\/wp-content\/uploads\/2023\/11\/Saunalautta-talvi-10-200x300.jpg\" data-width=\"200\" data-height=\"300\" aria-label=\"\" role=\"img\" ><\/div>\n\t\t\t\t\t\t\t\t\t\t\t<div class=\"elementor-gallery-item__overlay\"><\/div>\n\t\t\t\t\t\t\t\t\t\t\t\t\t\t<\/a>\n\t\t\t\t\t\t\t<a class=\"e-gallery-item elementor-gallery-item elementor-animated-content\" href=\"https:\/\/www.laineille.fi\/wp-content\/uploads\/2023\/11\/Saunalautta-talvi-11.jpg\" data-elementor-open-lightbox=\"yes\" data-elementor-lightbox-slideshow=\"805f588\" data-elementor-lightbox-title=\"Saunalautta-talvi-11\" data-e-action-hash=\"#elementor-action%3Aaction%3Dlightbox%26settings%3DeyJpZCI6MzM1LCJ1cmwiOiJodHRwczpcL1wvd3d3LmxhaW5laWxsZS5maVwvd3AtY29udGVudFwvdXBsb2Fkc1wvMjAyM1wvMTFcL1NhdW5hbGF1dHRhLXRhbHZpLTExLmpwZyIsInNsaWRlc2hvdyI6IjgwNWY1ODgifQ%3D%3D\">\n\t\t\t\t\t<div class=\"e-gallery-image elementor-gallery-item__image\" data-thumbnail=\"https:\/\/www.laineille.fi\/wp-content\/uploads\/2023\/11\/Saunalautta-talvi-11-300x200.jpg\" data-width=\"300\" data-height=\"200\" aria-label=\"\" role=\"img\" ><\/div>\n\t\t\t\t\t\t\t\t\t\t\t<div class=\"elementor-gallery-item__overlay\"><\/div>\n\t\t\t\t\t\t\t\t\t\t\t\t\t\t<\/a>\n\t\t\t\t\t\t\t<a class=\"e-gallery-item elementor-gallery-item elementor-animated-content\" href=\"https:\/\/www.laineille.fi\/wp-content\/uploads\/2023\/11\/laineille-avantosauna.jpg\" data-elementor-open-lightbox=\"yes\" data-elementor-lightbox-slideshow=\"805f588\" data-elementor-lightbox-title=\"laineille-avantosauna\" data-e-action-hash=\"#elementor-action%3Aaction%3Dlightbox%26settings%3DeyJpZCI6MTYyLCJ1cmwiOiJodHRwczpcL1wvd3d3LmxhaW5laWxsZS5maVwvd3AtY29udGVudFwvdXBsb2Fkc1wvMjAyM1wvMTFcL2xhaW5laWxsZS1hdmFudG9zYXVuYS5qcGciLCJzbGlkZXNob3ciOiI4MDVmNTg4In0%3D\">\n\t\t\t\t\t<div class=\"e-gallery-image elementor-gallery-item__image\" data-thumbnail=\"https:\/\/www.laineille.fi\/wp-content\/uploads\/2023\/11\/laineille-avantosauna-300x200.jpg\" data-width=\"300\" data-height=\"200\" aria-label=\"\" role=\"img\" ><\/div>\n\t\t\t\t\t\t\t\t\t\t\t<div class=\"elementor-gallery-item__overlay\"><\/div>\n\t\t\t\t\t\t\t\t\t\t\t\t\t\t<\/a>\n\t\t\t\t\t\t\t<a class=\"e-gallery-item elementor-gallery-item elementor-animated-content\" href=\"https:\/\/www.laineille.fi\/wp-content\/uploads\/2023\/11\/laineille-saunalautta-14-scaled.jpg\" data-elementor-open-lightbox=\"yes\" data-elementor-lightbox-slideshow=\"805f588\" data-elementor-lightbox-title=\"laineille-saunalautta-14\" data-e-action-hash=\"#elementor-action%3Aaction%3Dlightbox%26settings%3DeyJpZCI6MzAzLCJ1cmwiOiJodHRwczpcL1wvd3d3LmxhaW5laWxsZS5maVwvd3AtY29udGVudFwvdXBsb2Fkc1wvMjAyM1wvMTFcL2xhaW5laWxsZS1zYXVuYWxhdXR0YS0xNC1zY2FsZWQuanBnIiwic2xpZGVzaG93IjoiODA1ZjU4OCJ9\">\n\t\t\t\t\t<div class=\"e-gallery-image elementor-gallery-item__image\" data-thumbnail=\"https:\/\/www.laineille.fi\/wp-content\/uploads\/2023\/11\/laineille-saunalautta-14-300x200.jpg\" data-width=\"300\" data-height=\"200\" aria-label=\"\" role=\"img\" ><\/div>\n\t\t\t\t\t\t\t\t\t\t\t<div class=\"elementor-gallery-item__overlay\"><\/div>\n\t\t\t\t\t\t\t\t\t\t\t\t\t\t<\/a>\n\t\t\t\t\t\t\t<a class=\"e-gallery-item elementor-gallery-item elementor-animated-content\" href=\"https:\/\/www.laineille.fi\/wp-content\/uploads\/2023\/11\/Saunalautta-talvi-2.jpg\" data-elementor-open-lightbox=\"yes\" data-elementor-lightbox-slideshow=\"805f588\" data-elementor-lightbox-title=\"Saunalautta-talvi-2\" data-e-action-hash=\"#elementor-action%3Aaction%3Dlightbox%26settings%3DeyJpZCI6MzI3LCJ1cmwiOiJodHRwczpcL1wvd3d3LmxhaW5laWxsZS5maVwvd3AtY29udGVudFwvdXBsb2Fkc1wvMjAyM1wvMTFcL1NhdW5hbGF1dHRhLXRhbHZpLTIuanBnIiwic2xpZGVzaG93IjoiODA1ZjU4OCJ9\">\n\t\t\t\t\t<div class=\"e-gallery-image elementor-gallery-item__image\" data-thumbnail=\"https:\/\/www.laineille.fi\/wp-content\/uploads\/2023\/11\/Saunalautta-talvi-2-300x200.jpg\" data-width=\"300\" data-height=\"200\" aria-label=\"\" role=\"img\" ><\/div>\n\t\t\t\t\t\t\t\t\t\t\t<div class=\"elementor-gallery-item__overlay\"><\/div>\n\t\t\t\t\t\t\t\t\t\t\t\t\t\t<\/a>\n\t\t\t\t\t\t\t<a class=\"e-gallery-item elementor-gallery-item elementor-animated-content\" href=\"https:\/\/www.laineille.fi\/wp-content\/uploads\/2023\/11\/Saunalautta-talvi-3.jpg\" data-elementor-open-lightbox=\"yes\" data-elementor-lightbox-slideshow=\"805f588\" data-elementor-lightbox-title=\"Saunalautta-talvi-3\" data-e-action-hash=\"#elementor-action%3Aaction%3Dlightbox%26settings%3DeyJpZCI6MzI4LCJ1cmwiOiJodHRwczpcL1wvd3d3LmxhaW5laWxsZS5maVwvd3AtY29udGVudFwvdXBsb2Fkc1wvMjAyM1wvMTFcL1NhdW5hbGF1dHRhLXRhbHZpLTMuanBnIiwic2xpZGVzaG93IjoiODA1ZjU4OCJ9\">\n\t\t\t\t\t<div class=\"e-gallery-image elementor-gallery-item__image\" data-thumbnail=\"https:\/\/www.laineille.fi\/wp-content\/uploads\/2023\/11\/Saunalautta-talvi-3-300x200.jpg\" data-width=\"300\" data-height=\"200\" aria-label=\"\" role=\"img\" ><\/div>\n\t\t\t\t\t\t\t\t\t\t\t<div class=\"elementor-gallery-item__overlay\"><\/div>\n\t\t\t\t\t\t\t\t\t\t\t\t\t\t<\/a>\n\t\t\t\t\t\t\t<a class=\"e-gallery-item elementor-gallery-item elementor-animated-content\" href=\"https:\/\/www.laineille.fi\/wp-content\/uploads\/2023\/11\/laineille-saunalautta-17-scaled.jpg\" data-elementor-open-lightbox=\"yes\" data-elementor-lightbox-slideshow=\"805f588\" data-elementor-lightbox-title=\"laineille-saunalautta-17\" data-e-action-hash=\"#elementor-action%3Aaction%3Dlightbox%26settings%3DeyJpZCI6MzA2LCJ1cmwiOiJodHRwczpcL1wvd3d3LmxhaW5laWxsZS5maVwvd3AtY29udGVudFwvdXBsb2Fkc1wvMjAyM1wvMTFcL2xhaW5laWxsZS1zYXVuYWxhdXR0YS0xNy1zY2FsZWQuanBnIiwic2xpZGVzaG93IjoiODA1ZjU4OCJ9\">\n\t\t\t\t\t<div class=\"e-gallery-image elementor-gallery-item__image\" data-thumbnail=\"https:\/\/www.laineille.fi\/wp-content\/uploads\/2023\/11\/laineille-saunalautta-17-300x200.jpg\" data-width=\"300\" data-height=\"200\" aria-label=\"\" role=\"img\" ><\/div>\n\t\t\t\t\t\t\t\t\t\t\t<div class=\"elementor-gallery-item__overlay\"><\/div>\n\t\t\t\t\t\t\t\t\t\t\t\t\t\t<\/a>\n\t\t\t\t\t\t\t<a class=\"e-gallery-item elementor-gallery-item elementor-animated-content\" href=\"https:\/\/www.laineille.fi\/wp-content\/uploads\/2023\/11\/laineille-saunalautta-21-scaled.jpg\" data-elementor-open-lightbox=\"yes\" data-elementor-lightbox-slideshow=\"805f588\" data-elementor-lightbox-title=\"laineille-saunalautta-21\" data-e-action-hash=\"#elementor-action%3Aaction%3Dlightbox%26settings%3DeyJpZCI6MzEwLCJ1cmwiOiJodHRwczpcL1wvd3d3LmxhaW5laWxsZS5maVwvd3AtY29udGVudFwvdXBsb2Fkc1wvMjAyM1wvMTFcL2xhaW5laWxsZS1zYXVuYWxhdXR0YS0yMS1zY2FsZWQuanBnIiwic2xpZGVzaG93IjoiODA1ZjU4OCJ9\">\n\t\t\t\t\t<div class=\"e-gallery-image elementor-gallery-item__image\" data-thumbnail=\"https:\/\/www.laineille.fi\/wp-content\/uploads\/2023\/11\/laineille-saunalautta-21-300x200.jpg\" data-width=\"300\" data-height=\"200\" aria-label=\"\" role=\"img\" ><\/div>\n\t\t\t\t\t\t\t\t\t\t\t<div class=\"elementor-gallery-item__overlay\"><\/div>\n\t\t\t\t\t\t\t\t\t\t\t\t\t\t<\/a>\n\t\t\t\t\t\t\t<a class=\"e-gallery-item elementor-gallery-item elementor-animated-content\" href=\"https:\/\/www.laineille.fi\/wp-content\/uploads\/2023\/10\/laineille-talvi.jpg\" data-elementor-open-lightbox=\"yes\" data-elementor-lightbox-slideshow=\"805f588\" data-elementor-lightbox-title=\"Laineille.fi - talvi\" data-e-action-hash=\"#elementor-action%3Aaction%3Dlightbox%26settings%3DeyJpZCI6MTUsInVybCI6Imh0dHBzOlwvXC93d3cubGFpbmVpbGxlLmZpXC93cC1jb250ZW50XC91cGxvYWRzXC8yMDIzXC8xMFwvbGFpbmVpbGxlLXRhbHZpLmpwZyIsInNsaWRlc2hvdyI6IjgwNWY1ODgifQ%3D%3D\">\n\t\t\t\t\t<div class=\"e-gallery-image elementor-gallery-item__image\" data-thumbnail=\"https:\/\/www.laineille.fi\/wp-content\/uploads\/2023\/10\/laineille-talvi-300x169.jpg\" data-width=\"300\" data-height=\"169\" aria-label=\"\" role=\"img\" ><\/div>\n\t\t\t\t\t\t\t\t\t\t\t<div class=\"elementor-gallery-item__overlay\"><\/div>\n\t\t\t\t\t\t\t\t\t\t\t\t\t\t<\/a>\n\t\t\t\t\t\t\t<a class=\"e-gallery-item elementor-gallery-item elementor-animated-content\" href=\"https:\/\/www.laineille.fi\/wp-content\/uploads\/2023\/11\/Saunalautta-talvi-8.jpg\" data-elementor-open-lightbox=\"yes\" data-elementor-lightbox-slideshow=\"805f588\" data-elementor-lightbox-title=\"Saunalautta-talvi-8\" data-e-action-hash=\"#elementor-action%3Aaction%3Dlightbox%26settings%3DeyJpZCI6MzMzLCJ1cmwiOiJodHRwczpcL1wvd3d3LmxhaW5laWxsZS5maVwvd3AtY29udGVudFwvdXBsb2Fkc1wvMjAyM1wvMTFcL1NhdW5hbGF1dHRhLXRhbHZpLTguanBnIiwic2xpZGVzaG93IjoiODA1ZjU4OCJ9\">\n\t\t\t\t\t<div class=\"e-gallery-image elementor-gallery-item__image\" data-thumbnail=\"https:\/\/www.laineille.fi\/wp-content\/uploads\/2023\/11\/Saunalautta-talvi-8-300x200.jpg\" data-width=\"300\" data-height=\"200\" aria-label=\"\" role=\"img\" ><\/div>\n\t\t\t\t\t\t\t\t\t\t\t<div class=\"elementor-gallery-item__overlay\"><\/div>\n\t\t\t\t\t\t\t\t\t\t\t\t\t\t<\/a>\n\t\t\t\t\t\t\t<a class=\"e-gallery-item elementor-gallery-item elementor-animated-content\" href=\"https:\/\/www.laineille.fi\/wp-content\/uploads\/2023\/11\/Saunalautta-talvi-5.jpg\" data-elementor-open-lightbox=\"yes\" data-elementor-lightbox-slideshow=\"805f588\" data-elementor-lightbox-title=\"Saunalautta-talvi-5\" data-e-action-hash=\"#elementor-action%3Aaction%3Dlightbox%26settings%3DeyJpZCI6MzMwLCJ1cmwiOiJodHRwczpcL1wvd3d3LmxhaW5laWxsZS5maVwvd3AtY29udGVudFwvdXBsb2Fkc1wvMjAyM1wvMTFcL1NhdW5hbGF1dHRhLXRhbHZpLTUuanBnIiwic2xpZGVzaG93IjoiODA1ZjU4OCJ9\">\n\t\t\t\t\t<div class=\"e-gallery-image elementor-gallery-item__image\" data-thumbnail=\"https:\/\/www.laineille.fi\/wp-content\/uploads\/2023\/11\/Saunalautta-talvi-5-300x200.jpg\" data-width=\"300\" data-height=\"200\" aria-label=\"\" role=\"img\" ><\/div>\n\t\t\t\t\t\t\t\t\t\t\t<div class=\"elementor-gallery-item__overlay\"><\/div>\n\t\t\t\t\t\t\t\t\t\t\t\t\t\t<\/a>\n\t\t\t\t\t\t\t<a class=\"e-gallery-item elementor-gallery-item elementor-animated-content\" href=\"https:\/\/www.laineille.fi\/wp-content\/uploads\/2023\/11\/Saunalautta-talvi-4.jpg\" data-elementor-open-lightbox=\"yes\" data-elementor-lightbox-slideshow=\"805f588\" data-elementor-lightbox-title=\"Saunalautta-talvi-4\" data-e-action-hash=\"#elementor-action%3Aaction%3Dlightbox%26settings%3DeyJpZCI6MzI5LCJ1cmwiOiJodHRwczpcL1wvd3d3LmxhaW5laWxsZS5maVwvd3AtY29udGVudFwvdXBsb2Fkc1wvMjAyM1wvMTFcL1NhdW5hbGF1dHRhLXRhbHZpLTQuanBnIiwic2xpZGVzaG93IjoiODA1ZjU4OCJ9\">\n\t\t\t\t\t<div class=\"e-gallery-image elementor-gallery-item__image\" data-thumbnail=\"https:\/\/www.laineille.fi\/wp-content\/uploads\/2023\/11\/Saunalautta-talvi-4-300x200.jpg\" data-width=\"300\" data-height=\"200\" aria-label=\"\" role=\"img\" ><\/div>\n\t\t\t\t\t\t\t\t\t\t\t<div class=\"elementor-gallery-item__overlay\"><\/div>\n\t\t\t\t\t\t\t\t\t\t\t\t\t\t<\/a>\n\t\t\t\t\t\t\t<a class=\"e-gallery-item elementor-gallery-item elementor-animated-content\" href=\"https:\/\/www.laineille.fi\/wp-content\/uploads\/2023\/11\/Lautta-7.jpg\" data-elementor-open-lightbox=\"yes\" data-elementor-lightbox-slideshow=\"805f588\" data-elementor-lightbox-title=\"Lautta 7\" data-e-action-hash=\"#elementor-action%3Aaction%3Dlightbox%26settings%3DeyJpZCI6MzI0LCJ1cmwiOiJodHRwczpcL1wvd3d3LmxhaW5laWxsZS5maVwvd3AtY29udGVudFwvdXBsb2Fkc1wvMjAyM1wvMTFcL0xhdXR0YS03LmpwZyIsInNsaWRlc2hvdyI6IjgwNWY1ODgifQ%3D%3D\">\n\t\t\t\t\t<div class=\"e-gallery-image elementor-gallery-item__image\" data-thumbnail=\"https:\/\/www.laineille.fi\/wp-content\/uploads\/2023\/11\/Lautta-7-200x300.jpg\" data-width=\"200\" data-height=\"300\" aria-label=\"\" role=\"img\" ><\/div>\n\t\t\t\t\t\t\t\t\t\t\t<div class=\"elementor-gallery-item__overlay\"><\/div>\n\t\t\t\t\t\t\t\t\t\t\t\t\t\t<\/a>\n\t\t\t\t\t\t\t<a class=\"e-gallery-item elementor-gallery-item elementor-animated-content\" href=\"https:\/\/www.laineille.fi\/wp-content\/uploads\/2023\/11\/Lautta-6.jpg\" data-elementor-open-lightbox=\"yes\" data-elementor-lightbox-slideshow=\"805f588\" data-elementor-lightbox-title=\"Lautta 6\" data-e-action-hash=\"#elementor-action%3Aaction%3Dlightbox%26settings%3DeyJpZCI6MzIzLCJ1cmwiOiJodHRwczpcL1wvd3d3LmxhaW5laWxsZS5maVwvd3AtY29udGVudFwvdXBsb2Fkc1wvMjAyM1wvMTFcL0xhdXR0YS02LmpwZyIsInNsaWRlc2hvdyI6IjgwNWY1ODgifQ%3D%3D\">\n\t\t\t\t\t<div class=\"e-gallery-image elementor-gallery-item__image\" data-thumbnail=\"https:\/\/www.laineille.fi\/wp-content\/uploads\/2023\/11\/Lautta-6-200x300.jpg\" data-width=\"200\" data-height=\"300\" aria-label=\"\" role=\"img\" ><\/div>\n\t\t\t\t\t\t\t\t\t\t\t<div class=\"elementor-gallery-item__overlay\"><\/div>\n\t\t\t\t\t\t\t\t\t\t\t\t\t\t<\/a>\n\t\t\t\t\t<\/div>\n\t\t\t\t\t<\/div>\n\t\t\t\t<\/div>\n\t\t\t\t\t<\/div>\n\t\t\t\t<\/div>\n\t\t\t\t<\/div>","protected":false},"excerpt":{"rendered":"<p>vuokrasauna Tampere 1.10.2025-30.4.2026 VArauskalenteri Talven tunnelmallisin Vuokrasauna tampereella M\/S LAINE -talvisauna on harvinaisuus \u2013 saunalautta, jolla p\u00e4\u00e4set nauttimaan huikeasta talvitunnelmasta ja lempeist\u00e4 l\u00f6ylyist\u00e4 my\u00f6s talvella. Lautta pysyy laiturissa vuokra-ajan tarjoillen upeat j\u00e4rvimaisemat sek\u00e4 loistopuitteet rentoutumiseen. Lautta sijaitsee aivan omassa rauhassaan, Santalahdessa, kuitenkin vain viiden minuutin matkan p\u00e4\u00e4ss\u00e4 Tampereen keskustasta.\u00a0 Varaa avantosauna nyt! M\/S LAINE &#8211; [&hellip;]<\/p>\n","protected":false},"author":1,"featured_media":0,"parent":0,"menu_order":0,"comment_status":"closed","ping_status":"closed","template":"","meta":{"footnotes":""},"class_list":["post-734","page","type-page","status-publish","hentry"],"_links":{"self":[{"href":"https:\/\/www.laineille.fi\/en\/wp-json\/wp\/v2\/pages\/734","targetHints":{"allow":["GET"]}}],"collection":[{"href":"https:\/\/www.laineille.fi\/en\/wp-json\/wp\/v2\/pages"}],"about":[{"href":"https:\/\/www.laineille.fi\/en\/wp-json\/wp\/v2\/types\/page"}],"author":[{"embeddable":true,"href":"https:\/\/www.laineille.fi\/en\/wp-json\/wp\/v2\/users\/1"}],"replies":[{"embeddable":true,"href":"https:\/\/www.laineille.fi\/en\/wp-json\/wp\/v2\/comments?post=734"}],"version-history":[{"count":7,"href":"https:\/\/www.laineille.fi\/en\/wp-json\/wp\/v2\/pages\/734\/revisions"}],"predecessor-version":[{"id":848,"href":"https:\/\/www.laineille.fi\/en\/wp-json\/wp\/v2\/pages\/734\/revisions\/848"}],"wp:attachment":[{"href":"https:\/\/www.laineille.fi\/en\/wp-json\/wp\/v2\/media?parent=734"}],"curies":[{"name":"wp","href":"https:\/\/api.w.org\/{rel}","templated":true}]}}