{"id":645,"date":"2025-10-13T20:50:41","date_gmt":"2025-10-13T20:50:41","guid":{"rendered":"https:\/\/www.laineille.fi\/?page_id=645"},"modified":"2026-04-10T07:16:40","modified_gmt":"2026-04-10T07:16:40","slug":"polttopuut-pirkanmaa","status":"publish","type":"page","link":"https:\/\/www.laineille.fi\/en\/polttopuut-pirkanmaa\/","title":{"rendered":"Firewood"},"content":{"rendered":"<div data-elementor-type=\"wp-page\" data-elementor-id=\"645\" class=\"elementor elementor-645\" data-elementor-post-type=\"page\">\n\t\t\t\t<div class=\"elementor-element elementor-element-ed5c96e e-flex e-con-boxed e-con e-parent\" data-id=\"ed5c96e\" data-element_type=\"container\" data-e-type=\"container\" data-settings=\"{&quot;background_background&quot;:&quot;classic&quot;}\">\n\t\t\t\t\t<div class=\"e-con-inner\">\n\t\t\t\t<div class=\"elementor-element elementor-element-89b0b16 elementor-widget elementor-widget-heading\" data-id=\"89b0b16\" data-element_type=\"widget\" data-e-type=\"widget\" data-widget_type=\"heading.default\">\n\t\t\t\t<div class=\"elementor-widget-container\">\n\t\t\t\t\t<h1 class=\"elementor-heading-title elementor-size-default\">Firewood<\/h1>\t\t\t\t<\/div>\n\t\t\t\t<\/div>\n\t\t\t\t<div class=\"elementor-element elementor-element-b5fc0dd elementor-widget elementor-widget-text-editor\" data-id=\"b5fc0dd\" data-element_type=\"widget\" data-e-type=\"widget\" data-widget_type=\"text-editor.default\">\n\t\t\t\t<div class=\"elementor-widget-container\">\n\t\t\t\t\t\t\t\t\t<p>Laineille.fi also offers high-quality, ready-to-burn dried birch firewood in the Pirkanmaa region.<\/p>\t\t\t\t\t\t\t\t<\/div>\n\t\t\t\t<\/div>\n\t\t\t\t<div class=\"elementor-element elementor-element-8921c50 elementor-align-center elementor-widget elementor-widget-button\" data-id=\"8921c50\" data-element_type=\"widget\" data-e-type=\"widget\" data-widget_type=\"button.default\">\n\t\t\t\t<div class=\"elementor-widget-container\">\n\t\t\t\t\t\t\t\t\t<div class=\"elementor-button-wrapper\">\n\t\t\t\t\t<a class=\"elementor-button elementor-button-link elementor-size-sm\" href=\"https:\/\/www.laineille.fi\/en\/verkkokauppa\/\">\n\t\t\t\t\t\t<span class=\"elementor-button-content-wrapper\">\n\t\t\t\t\t\t\t\t\t<span class=\"elementor-button-text\">Online store<\/span>\n\t\t\t\t\t<\/span>\n\t\t\t\t\t<\/a>\n\t\t\t\t<\/div>\n\t\t\t\t\t\t\t\t<\/div>\n\t\t\t\t<\/div>\n\t\t\t\t\t<\/div>\n\t\t\t\t<\/div>\n\t\t<div class=\"elementor-element elementor-element-9a2c897 e-flex e-con-boxed e-con e-parent\" data-id=\"9a2c897\" data-element_type=\"container\" data-e-type=\"container\" data-settings=\"{&quot;background_background&quot;:&quot;classic&quot;}\">\n\t\t\t\t\t<div class=\"e-con-inner\">\n\t\t<div class=\"elementor-element elementor-element-ad06c93 e-con-full e-flex e-con e-child\" data-id=\"ad06c93\" data-element_type=\"container\" data-e-type=\"container\">\n\t\t\t\t<div class=\"elementor-element elementor-element-438fbae elementor-widget elementor-widget-heading\" data-id=\"438fbae\" data-element_type=\"widget\" data-e-type=\"widget\" data-widget_type=\"heading.default\">\n\t\t\t\t<div class=\"elementor-widget-container\">\n\t\t\t\t\t<h2 class=\"elementor-heading-title elementor-size-default\">High-quality birch firewood<\/h2>\t\t\t\t<\/div>\n\t\t\t\t<\/div>\n\t\t\t\t<div class=\"elementor-element elementor-element-fca8c22 elementor-widget elementor-widget-text-editor\" data-id=\"fca8c22\" data-element_type=\"widget\" data-e-type=\"widget\" data-widget_type=\"text-editor.default\">\n\t\t\t\t<div class=\"elementor-widget-container\">\n\t\t\t\t\t\t\t\t\t<p><strong>All our firewood is approximately 33 cm long and ready to use immediately \u2014 perfect for fireplaces, saunas, or cottages.<\/strong><\/p><p>What matters most to us is that you receive well-dried, clean, and easy-to-light birch firewood that burns evenly and produces pleasant heat without unnecessary smoke or sparks. Our firewood is ideal for fireplaces, sauna stoves, and outdoor fires \u2014 wherever you want to enjoy genuine warmth.<\/p>\t\t\t\t\t\t\t\t<\/div>\n\t\t\t\t<\/div>\n\t\t\t\t<div class=\"elementor-element elementor-element-c51c40f elementor-align-left elementor-widget elementor-widget-button\" data-id=\"c51c40f\" data-element_type=\"widget\" data-e-type=\"widget\" data-widget_type=\"button.default\">\n\t\t\t\t<div class=\"elementor-widget-container\">\n\t\t\t\t\t\t\t\t\t<div class=\"elementor-button-wrapper\">\n\t\t\t\t\t<a class=\"elementor-button elementor-button-link elementor-size-sm\" href=\"https:\/\/www.laineille.fi\/en\/verkkokauppa\/\">\n\t\t\t\t\t\t<span class=\"elementor-button-content-wrapper\">\n\t\t\t\t\t\t\t\t\t<span class=\"elementor-button-text\">Online store<\/span>\n\t\t\t\t\t<\/span>\n\t\t\t\t\t<\/a>\n\t\t\t\t<\/div>\n\t\t\t\t\t\t\t\t<\/div>\n\t\t\t\t<\/div>\n\t\t\t\t<\/div>\n\t\t<div class=\"elementor-element elementor-element-d70db9d e-con-full e-flex e-con e-child\" data-id=\"d70db9d\" data-element_type=\"container\" data-e-type=\"container\" data-settings=\"{&quot;background_background&quot;:&quot;classic&quot;}\">\n\t\t\t\t<\/div>\n\t\t\t\t\t<\/div>\n\t\t\t\t<\/div>\n\t\t<div class=\"elementor-element elementor-element-2bba558 e-flex e-con-boxed e-con e-parent\" data-id=\"2bba558\" data-element_type=\"container\" data-e-type=\"container\" data-settings=\"{&quot;background_background&quot;:&quot;classic&quot;}\">\n\t\t\t\t\t<div class=\"e-con-inner\">\n\t\t<div class=\"elementor-element elementor-element-e3bfc1e e-con-full e-flex e-con e-child\" data-id=\"e3bfc1e\" data-element_type=\"container\" data-e-type=\"container\" data-settings=\"{&quot;background_background&quot;:&quot;classic&quot;}\">\n\t\t\t\t<\/div>\n\t\t<div class=\"elementor-element elementor-element-a308dad e-con-full e-flex e-con e-child\" data-id=\"a308dad\" data-element_type=\"container\" data-e-type=\"container\">\n\t\t\t\t<div class=\"elementor-element elementor-element-5159842 elementor-widget elementor-widget-heading\" data-id=\"5159842\" data-element_type=\"widget\" data-e-type=\"widget\" data-widget_type=\"heading.default\">\n\t\t\t\t<div class=\"elementor-widget-container\">\n\t\t\t\t\t<h2 class=\"elementor-heading-title elementor-size-default\">Ready to use<\/h2>\t\t\t\t<\/div>\n\t\t\t\t<\/div>\n\t\t\t\t<div class=\"elementor-element elementor-element-86a4f0e elementor-widget elementor-widget-text-editor\" data-id=\"86a4f0e\" data-element_type=\"widget\" data-e-type=\"widget\" data-widget_type=\"text-editor.default\">\n\t\t\t\t<div class=\"elementor-widget-container\">\n\t\t\t\t\t\t\t\t\t<p>Our firewood is properly dried and stored under cover, ensuring it stays dry and easy to handle throughout the year.<\/p><p>Before delivery, the firewood is sorted and screened to remove leaves, wood chips, and other debris.<br \/>The result is a clean, even batch of firewood that\u2019s ready to use right away in a fireplace, sauna stove, or outdoor grill \u2014 wherever you want to enjoy the warmth of high-quality firewood.<\/p>\t\t\t\t\t\t\t\t<\/div>\n\t\t\t\t<\/div>\n\t\t\t\t<div class=\"elementor-element elementor-element-d13bac0 elementor-align-left elementor-widget elementor-widget-button\" data-id=\"d13bac0\" data-element_type=\"widget\" data-e-type=\"widget\" data-widget_type=\"button.default\">\n\t\t\t\t<div class=\"elementor-widget-container\">\n\t\t\t\t\t\t\t\t\t<div class=\"elementor-button-wrapper\">\n\t\t\t\t\t<a class=\"elementor-button elementor-button-link elementor-size-sm\" href=\"https:\/\/www.laineille.fi\/en\/verkkokauppa\/\">\n\t\t\t\t\t\t<span class=\"elementor-button-content-wrapper\">\n\t\t\t\t\t\t\t\t\t<span class=\"elementor-button-text\">Online store<\/span>\n\t\t\t\t\t<\/span>\n\t\t\t\t\t<\/a>\n\t\t\t\t<\/div>\n\t\t\t\t\t\t\t\t<\/div>\n\t\t\t\t<\/div>\n\t\t\t\t<\/div>\n\t\t\t\t\t<\/div>\n\t\t\t\t<\/div>\n\t\t<div class=\"elementor-element elementor-element-0e0867c e-flex e-con-boxed e-con e-parent\" data-id=\"0e0867c\" data-element_type=\"container\" data-e-type=\"container\" data-settings=\"{&quot;background_background&quot;:&quot;classic&quot;}\">\n\t\t\t\t\t<div class=\"e-con-inner\">\n\t\t<div class=\"elementor-element elementor-element-611f712 e-con-full e-flex e-con e-child\" data-id=\"611f712\" data-element_type=\"container\" data-e-type=\"container\">\n\t\t\t\t<div class=\"elementor-element elementor-element-e99c010 elementor-widget elementor-widget-heading\" data-id=\"e99c010\" data-element_type=\"widget\" data-e-type=\"widget\" data-widget_type=\"heading.default\">\n\t\t\t\t<div class=\"elementor-widget-container\">\n\t\t\t\t\t<h2 class=\"elementor-heading-title elementor-size-default\">Delivery and pickup<\/h2>\t\t\t\t<\/div>\n\t\t\t\t<\/div>\n\t\t\t\t<div class=\"elementor-element elementor-element-1bbeb92 elementor-widget elementor-widget-text-editor\" data-id=\"1bbeb92\" data-element_type=\"widget\" data-e-type=\"widget\" data-widget_type=\"text-editor.default\">\n\t\t\t\t<div class=\"elementor-widget-container\">\n\t\t\t\t\t\t\t\t\t<p>If you\u2019re unsure how much firewood you need, we\u2019re happy to help you estimate \u2014 you\u2019ll always receive a fair offer and friendly service.<\/p><p>You can easily order firewood directly from us. Pickup is quick and flexible, and delivery is available throughout the Pirkanmaa region.<\/p><p>Whether you need a small amount for home use or a larger batch for a cottage, business, or housing company, we deliver reliably and on the agreed schedule.<\/p>\t\t\t\t\t\t\t\t<\/div>\n\t\t\t\t<\/div>\n\t\t\t\t<div class=\"elementor-element elementor-element-e629b42 elementor-align-left elementor-widget elementor-widget-button\" data-id=\"e629b42\" data-element_type=\"widget\" data-e-type=\"widget\" data-widget_type=\"button.default\">\n\t\t\t\t<div class=\"elementor-widget-container\">\n\t\t\t\t\t\t\t\t\t<div class=\"elementor-button-wrapper\">\n\t\t\t\t\t<a class=\"elementor-button elementor-button-link elementor-size-sm\" href=\"https:\/\/www.laineille.fi\/en\/verkkokauppa\/\">\n\t\t\t\t\t\t<span class=\"elementor-button-content-wrapper\">\n\t\t\t\t\t\t\t\t\t<span class=\"elementor-button-text\">Online store<\/span>\n\t\t\t\t\t<\/span>\n\t\t\t\t\t<\/a>\n\t\t\t\t<\/div>\n\t\t\t\t\t\t\t\t<\/div>\n\t\t\t\t<\/div>\n\t\t\t\t<\/div>\n\t\t<div class=\"elementor-element elementor-element-f85f420 e-con-full e-flex e-con e-child\" data-id=\"f85f420\" data-element_type=\"container\" data-e-type=\"container\" data-settings=\"{&quot;background_background&quot;:&quot;classic&quot;}\">\n\t\t\t\t<\/div>\n\t\t\t\t\t<\/div>\n\t\t\t\t<\/div>\n\t\t\t\t<\/div>","protected":false},"excerpt":{"rendered":"<p>Polttopuut Laineille.fi tarjoaa my\u00f6s laadukkaita polttovalmiksi kuivattuja koivuklapeja Pirkanmaan alueella. Verkkokauppa Laadukkaat koivuklapit Kaikki puumme on noin 33 cm pituisia ja valmiita k\u00e4ytt\u00f6\u00f6n heti \u2013 suoraan takkaan, saunaan tai m\u00f6kille. Meille t\u00e4rkeint\u00e4 on, ett\u00e4 saat hyvin kuivaa, puhdasta ja helposti syttyv\u00e4\u00e4 koivupuuta, joka palaa tasaisesti ja tuottaa miellytt\u00e4v\u00e4n l\u00e4mm\u00f6n ilman turhaa savua tai kipin\u00f6inti\u00e4. Klapit [&hellip;]<\/p>\n","protected":false},"author":2,"featured_media":0,"parent":0,"menu_order":0,"comment_status":"closed","ping_status":"closed","template":"","meta":{"footnotes":""},"class_list":["post-645","page","type-page","status-publish","hentry"],"_links":{"self":[{"href":"https:\/\/www.laineille.fi\/en\/wp-json\/wp\/v2\/pages\/645","targetHints":{"allow":["GET"]}}],"collection":[{"href":"https:\/\/www.laineille.fi\/en\/wp-json\/wp\/v2\/pages"}],"about":[{"href":"https:\/\/www.laineille.fi\/en\/wp-json\/wp\/v2\/types\/page"}],"author":[{"embeddable":true,"href":"https:\/\/www.laineille.fi\/en\/wp-json\/wp\/v2\/users\/2"}],"replies":[{"embeddable":true,"href":"https:\/\/www.laineille.fi\/en\/wp-json\/wp\/v2\/comments?post=645"}],"version-history":[{"count":32,"href":"https:\/\/www.laineille.fi\/en\/wp-json\/wp\/v2\/pages\/645\/revisions"}],"predecessor-version":[{"id":920,"href":"https:\/\/www.laineille.fi\/en\/wp-json\/wp\/v2\/pages\/645\/revisions\/920"}],"wp:attachment":[{"href":"https:\/\/www.laineille.fi\/en\/wp-json\/wp\/v2\/media?parent=645"}],"curies":[{"name":"wp","href":"https:\/\/api.w.org\/{rel}","templated":true}]}}